{"id":1322,"date":"2025-02-14T21:12:03","date_gmt":"2025-02-14T21:12:03","guid":{"rendered":"https:\/\/bible-road.com\/adatvedelmi-iranyelvek\/"},"modified":"2025-11-23T19:56:19","modified_gmt":"2025-11-23T19:56:19","slug":"adatvedelmi-iranyelvek","status":"publish","type":"page","link":"https:\/\/bible-road.com\/hu\/adatvedelmi-iranyelvek\/","title":{"rendered":"Adatv\u00e9delmi ir\u00e1nyelvek"},"content":{"rendered":"\t\t<div data-elementor-type=\"wp-page\" data-elementor-id=\"1322\" class=\"elementor elementor-1322 elementor-554\" data-elementor-settings=\"{&quot;ha_cmc_init_switcher&quot;:&quot;no&quot;}\" data-elementor-post-type=\"page\">\n\t\t\t\t\t\t<section class=\"elementor-section elementor-top-section elementor-element elementor-element-adaaaa8 elementor-section-boxed elementor-section-height-default elementor-section-height-default\" data-id=\"adaaaa8\" data-element_type=\"section\" data-e-type=\"section\" data-settings=\"{&quot;background_background&quot;:&quot;classic&quot;,&quot;_ha_eqh_enable&quot;:false}\">\n\t\t\t\t\t\t\t<div class=\"elementor-background-overlay\"><\/div>\n\t\t\t\t\t\t\t<div class=\"elementor-container elementor-column-gap-default\">\n\t\t\t\t\t<div class=\"elementor-column elementor-col-100 elementor-top-column elementor-element elementor-element-18ec623\" data-id=\"18ec623\" data-element_type=\"column\" data-e-type=\"column\">\n\t\t\t<div class=\"elementor-widget-wrap elementor-element-populated\">\n\t\t\t\t\t\t<div class=\"elementor-element elementor-element-28db37e elementor-widget elementor-widget-heading\" data-id=\"28db37e\" data-element_type=\"widget\" data-e-type=\"widget\" data-widget_type=\"heading.default\">\n\t\t\t\t<div class=\"elementor-widget-container\">\n\t\t\t\t\t<h2 class=\"elementor-heading-title elementor-size-default\">Adatv\u00e9delmi ir\u00e1nyelvek<\/h2>\t\t\t\t<\/div>\n\t\t\t\t<\/div>\n\t\t\t\t\t<\/div>\n\t\t<\/div>\n\t\t\t\t\t<\/div>\n\t\t<\/section>\n\t\t\t\t<section class=\"elementor-section elementor-top-section elementor-element elementor-element-01bd157 elementor-section-boxed elementor-section-height-default elementor-section-height-default\" data-id=\"01bd157\" data-element_type=\"section\" data-e-type=\"section\" data-settings=\"{&quot;_ha_eqh_enable&quot;:false}\">\n\t\t\t\t\t\t<div class=\"elementor-container elementor-column-gap-default\">\n\t\t\t\t\t<div class=\"elementor-column elementor-col-100 elementor-top-column elementor-element elementor-element-ee91bfe\" data-id=\"ee91bfe\" data-element_type=\"column\" data-e-type=\"column\">\n\t\t\t<div class=\"elementor-widget-wrap elementor-element-populated\">\n\t\t\t\t\t\t<div class=\"elementor-element elementor-element-32c1103 elementor-widget elementor-widget-text-editor\" data-id=\"32c1103\" data-element_type=\"widget\" data-e-type=\"widget\" data-widget_type=\"text-editor.default\">\n\t\t\t\t<div class=\"elementor-widget-container\">\n\t\t\t\t\t\t\t\t\t<h2><strong>\u00c1ltal\u00e1nos rendelkez\u00e9sek<\/strong><\/h2>\n<p>A <strong>Bible Road Travel<\/strong>-n\u00e9l nagyra \u00e9rt\u00e9kelj\u00fck az \u00d6n adatv\u00e9delm\u00e9t, \u00e9s elk\u00f6telezettek vagyunk szem\u00e9lyes adatainak v\u00e9delme ir\u00e1nt. Ez az Adatv\u00e9delmi ir\u00e1nyelv ismerteti, hogy milyen adatokat gy\u0171jt\u00fcnk, hogyan haszn\u00e1ljuk fel azokat, \u00e9s hogyan biztos\u00edtjuk azok biztons\u00e1g\u00e1t. Ha b\u00e1rmilyen k\u00e9rd\u00e9se van, forduljon hozz\u00e1nk bizalommal.  <\/p>\n<hr>\n<h2><strong>Az \u00d6n adatai<\/strong><\/h2>\n<p>Szem\u00e9lyes adatok megad\u00e1s\u00e1val \u00d6n hozz\u00e1j\u00e1rul ahhoz, hogy azokat ezen ir\u00e1nyelvnek megfelel\u0151en felhaszn\u00e1ljuk. Az \u00d6n \u00e1ltal megadott inform\u00e1ci\u00f3k felhaszn\u00e1lhat\u00f3k a k\u00f6vetkez\u0151kre:<br>\u2714 V\u00e1laszad\u00e1s k\u00e9rd\u00e9seire<br>\u2714 Utaz\u00e1si k\u00e9relmek \u00e9s foglal\u00e1sok feldolgoz\u00e1sa<br>\u2714 Weboldalunk \u00e9s szolg\u00e1ltat\u00e1saink fejleszt\u00e9se <\/p>\n<p>Szem\u00e9lyes adatait <strong>nem adjuk el, nem adjuk b\u00e9rbe \u00e9s nem osztjuk meg<\/strong> illet\u00e9ktelen harmadik felekkel. Az inform\u00e1ci\u00f3k kiz\u00e1r\u00f3lag felhatalmazott szolg\u00e1ltat\u00f3inkkal oszthat\u00f3k meg, vagy ha azt t\u00f6rv\u00e9ny \u00edrja el\u0151. <\/p>\n<hr>\n<h2><strong>Gy\u0171jt\u00f6tt adatok<\/strong><\/h2>\n<p>Szem\u00e9lyes adatokat gy\u0171jt\u00fcnk <strong>kapcsolatfelv\u00e9teli \u0171rlapjainkon<\/strong> \u00e9s <strong>aj\u00e1nlatk\u00e9r\u0151 \u0171rlapjainkon<\/strong> kereszt\u00fcl. Ez mag\u00e1ban foglalhatja:<br>\u2714 N\u00e9v<br>\u2714 E-mail c\u00edm<br>\u2714 Telefonsz\u00e1m<br>\u2714 Utaz\u00e1si preferenci\u00e1k <\/p>\n<p>Nem gy\u0171jt\u00fcnk adatokat az \u00d6n hozz\u00e1j\u00e1rul\u00e1sa n\u00e9lk\u00fcl, \u00e9s az \u00d6n adatait csak addig t\u00e1roljuk, ameddig szolg\u00e1ltat\u00e1saink ny\u00fajt\u00e1s\u00e1hoz sz\u00fcks\u00e9ges.<\/p>\n<hr>\n<h2><strong>K\u00f6z\u00f6ss\u00e9gi m\u00e9dia &amp; v\u00e9lem\u00e9nyek<\/strong><\/h2>\n<p>Utaz\u00f3ink \u00e1ltal megosztott fot\u00f3k \u00e9s v\u00e9lem\u00e9nyek prom\u00f3ci\u00f3s c\u00e9lokra felhaszn\u00e1lhat\u00f3k. Ha nem szeretn\u00e9, hogy tartalm\u00e1t felhaszn\u00e1ljuk, k\u00e9rj\u00fck, vegye fel vel\u00fcnk a kapcsolatot. <\/p>\n<hr>\n<h2><strong>S\u00fctik &amp; nyomon k\u00f6vet\u00e9s<\/strong><\/h2>\n<p>S\u00fctiket haszn\u00e1lunk a weboldal funkcionalit\u00e1s\u00e1nak jav\u00edt\u00e1s\u00e1ra \u00e9s a l\u00e1togat\u00f3i forgalom elemz\u00e9s\u00e9re. A s\u00fctiket letilthatja b\u00f6ng\u00e9sz\u0151je be\u00e1ll\u00edt\u00e1saiban. <\/p>\n<hr>\n<h2><strong>Adatbiztons\u00e1g<\/strong><\/h2>\n<p>\u00d3vint\u00e9zked\u00e9seket tesz\u00fcnk szem\u00e9lyes adatainak v\u00e9delm\u00e9re, azonban az abszol\u00fat biztons\u00e1got nem tudjuk garant\u00e1lni.<\/p>\n<hr>\n<h2><strong>Kapcsolat<\/strong><\/h2>\n<p>Az ir\u00e1nyelvvel kapcsolatos b\u00e1rmilyen k\u00e9rd\u00e9s vagy agg\u00e1ly eset\u00e9n <a href=\"https:\/\/bible-road.com\/about-us\/\">vegye fel vel\u00fcnk a kapcsolatot<\/a>.<\/p>\t\t\t\t\t\t\t\t<\/div>\n\t\t\t\t<\/div>\n\t\t\t\t\t<\/div>\n\t\t<\/div>\n\t\t\t\t\t<\/div>\n\t\t<\/section>\n\t\t\t\t<\/div>\n\t\t","protected":false},"excerpt":{"rendered":"<p>Adatv\u00e9delmi ir\u00e1nyelvek \u00c1ltal\u00e1nos rendelkez\u00e9sek A Bible Road Travel-n\u00e9l nagyra \u00e9rt\u00e9kelj\u00fck az \u00d6n adatv\u00e9delm\u00e9t, \u00e9s elk\u00f6telezettek vagyunk szem\u00e9lyes adatainak v\u00e9delme ir\u00e1nt. Ez az Adatv\u00e9delmi ir\u00e1nyelv ismerteti, hogy milyen adatokat gy\u0171jt\u00fcnk, hogyan haszn\u00e1ljuk fel azokat, \u00e9s hogyan biztos\u00edtjuk azok biztons\u00e1g\u00e1t. Ha b\u00e1rmilyen k\u00e9rd\u00e9se van, forduljon hozz\u00e1nk bizalommal. Az \u00d6n adatai Szem\u00e9lyes adatok megad\u00e1s\u00e1val \u00d6n hozz\u00e1j\u00e1rul ahhoz, hogy [&hellip;]<\/p>\n","protected":false},"author":4,"featured_media":0,"parent":0,"menu_order":0,"comment_status":"closed","ping_status":"closed","template":"elementor_header_footer","meta":{"_acf_changed":false,"footnotes":""},"class_list":["post-1322","page","type-page","status-publish","hentry"],"acf":[],"_links":{"self":[{"href":"https:\/\/bible-road.com\/hu\/wp-json\/wp\/v2\/pages\/1322","targetHints":{"allow":["GET"]}}],"collection":[{"href":"https:\/\/bible-road.com\/hu\/wp-json\/wp\/v2\/pages"}],"about":[{"href":"https:\/\/bible-road.com\/hu\/wp-json\/wp\/v2\/types\/page"}],"author":[{"embeddable":true,"href":"https:\/\/bible-road.com\/hu\/wp-json\/wp\/v2\/users\/4"}],"replies":[{"embeddable":true,"href":"https:\/\/bible-road.com\/hu\/wp-json\/wp\/v2\/comments?post=1322"}],"version-history":[{"count":1,"href":"https:\/\/bible-road.com\/hu\/wp-json\/wp\/v2\/pages\/1322\/revisions"}],"predecessor-version":[{"id":1323,"href":"https:\/\/bible-road.com\/hu\/wp-json\/wp\/v2\/pages\/1322\/revisions\/1323"}],"wp:attachment":[{"href":"https:\/\/bible-road.com\/hu\/wp-json\/wp\/v2\/media?parent=1322"}],"curies":[{"name":"wp","href":"https:\/\/api.w.org\/{rel}","templated":true}]}}