{"id":1326,"date":"2025-02-06T08:06:40","date_gmt":"2025-02-06T08:06:40","guid":{"rendered":"https:\/\/bible-road.com\/rolunk\/"},"modified":"2025-12-08T19:53:19","modified_gmt":"2025-12-08T19:53:19","slug":"rolunk","status":"publish","type":"page","link":"https:\/\/bible-road.com\/hu\/rolunk\/","title":{"rendered":"R\u00f3lunk"},"content":{"rendered":"\t\t<div data-elementor-type=\"wp-page\" data-elementor-id=\"1326\" class=\"elementor elementor-1326 elementor-269\" data-elementor-settings=\"{&quot;ha_cmc_init_switcher&quot;:&quot;no&quot;}\" data-elementor-post-type=\"page\">\n\t\t\t\t\t\t<section class=\"elementor-section elementor-top-section elementor-element elementor-element-75f4b31 elementor-section-boxed elementor-section-height-default elementor-section-height-default\" data-id=\"75f4b31\" data-element_type=\"section\" data-e-type=\"section\" data-settings=\"{&quot;background_background&quot;:&quot;classic&quot;,&quot;_ha_eqh_enable&quot;:false}\">\n\t\t\t\t\t\t\t<div class=\"elementor-background-overlay\"><\/div>\n\t\t\t\t\t\t\t<div class=\"elementor-container elementor-column-gap-default\">\n\t\t\t\t\t<div class=\"elementor-column elementor-col-100 elementor-top-column elementor-element elementor-element-916d414\" data-id=\"916d414\" data-element_type=\"column\" data-e-type=\"column\">\n\t\t\t<div class=\"elementor-widget-wrap elementor-element-populated\">\n\t\t\t\t\t\t<div class=\"elementor-element elementor-element-8353a06 elementor-widget elementor-widget-heading\" data-id=\"8353a06\" data-element_type=\"widget\" data-e-type=\"widget\" data-widget_type=\"heading.default\">\n\t\t\t\t<div class=\"elementor-widget-container\">\n\t\t\t\t\t<h2 class=\"elementor-heading-title elementor-size-default\">R\u00f3lunk<\/h2>\t\t\t\t<\/div>\n\t\t\t\t<\/div>\n\t\t\t\t\t<\/div>\n\t\t<\/div>\n\t\t\t\t\t<\/div>\n\t\t<\/section>\n\t\t\t\t<section class=\"elementor-section elementor-top-section elementor-element elementor-element-8617169 elementor-section-boxed elementor-section-height-default elementor-section-height-default\" data-id=\"8617169\" data-element_type=\"section\" data-e-type=\"section\" data-settings=\"{&quot;_ha_eqh_enable&quot;:false}\">\n\t\t\t\t\t\t<div class=\"elementor-container elementor-column-gap-default\">\n\t\t\t\t\t<div class=\"elementor-column elementor-col-100 elementor-top-column elementor-element elementor-element-e57b94f\" data-id=\"e57b94f\" data-element_type=\"column\" data-e-type=\"column\">\n\t\t\t<div class=\"elementor-widget-wrap elementor-element-populated\">\n\t\t\t\t\t\t<section class=\"elementor-section elementor-inner-section elementor-element elementor-element-9c5d74b elementor-section-boxed elementor-section-height-default elementor-section-height-default\" data-id=\"9c5d74b\" data-element_type=\"section\" data-e-type=\"section\" data-settings=\"{&quot;_ha_eqh_enable&quot;:false}\">\n\t\t\t\t\t\t<div class=\"elementor-container elementor-column-gap-default\">\n\t\t\t\t\t<div class=\"elementor-column elementor-col-50 elementor-inner-column elementor-element elementor-element-3237e43\" data-id=\"3237e43\" data-element_type=\"column\" data-e-type=\"column\">\n\t\t\t<div class=\"elementor-widget-wrap elementor-element-populated\">\n\t\t\t\t\t\t<div class=\"elementor-element elementor-element-3f69841 elementor-widget__width-initial elementor-widget elementor-widget-image\" data-id=\"3f69841\" data-element_type=\"widget\" data-e-type=\"widget\" data-widget_type=\"image.default\">\n\t\t\t\t<div class=\"elementor-widget-container\">\n\t\t\t\t\t\t\t\t\t\t\t\t\t\t\t<img fetchpriority=\"high\" decoding=\"async\" width=\"800\" height=\"600\" src=\"https:\/\/bible-road.com\/wp-content\/uploads\/2025\/02\/andrea-rapuzzi-XrZUymuPNGk-unsplash-1024x768.jpg\" class=\"attachment-large size-large wp-image-1329\" alt=\"\" srcset=\"https:\/\/bible-road.com\/wp-content\/uploads\/2025\/02\/andrea-rapuzzi-XrZUymuPNGk-unsplash-1024x768.jpg 1024w, https:\/\/bible-road.com\/wp-content\/uploads\/2025\/02\/andrea-rapuzzi-XrZUymuPNGk-unsplash-300x225.jpg 300w, https:\/\/bible-road.com\/wp-content\/uploads\/2025\/02\/andrea-rapuzzi-XrZUymuPNGk-unsplash-768x576.jpg 768w, https:\/\/bible-road.com\/wp-content\/uploads\/2025\/02\/andrea-rapuzzi-XrZUymuPNGk-unsplash-1536x1152.jpg 1536w, https:\/\/bible-road.com\/wp-content\/uploads\/2025\/02\/andrea-rapuzzi-XrZUymuPNGk-unsplash-2048x1536.jpg 2048w\" sizes=\"(max-width: 800px) 100vw, 800px\" \/>\t\t\t\t\t\t\t\t\t\t\t\t\t\t\t<\/div>\n\t\t\t\t<\/div>\n\t\t\t\t\t<\/div>\n\t\t<\/div>\n\t\t\t\t<div class=\"elementor-column elementor-col-50 elementor-inner-column elementor-element elementor-element-6efe360\" data-id=\"6efe360\" data-element_type=\"column\" data-e-type=\"column\">\n\t\t\t<div class=\"elementor-widget-wrap elementor-element-populated\">\n\t\t\t\t\t\t<div class=\"elementor-element elementor-element-b4aa08e elementor-widget elementor-widget-text-editor\" data-id=\"b4aa08e\" data-element_type=\"widget\" data-e-type=\"widget\" data-widget_type=\"text-editor.default\">\n\t\t\t\t<div class=\"elementor-widget-container\">\n\t\t\t\t\t\t\t\t\t<p style=\"text-align: left;\">A <strong>Bible Road Travel<\/strong> egy vezet\u0151 izraeli utaz\u00e1si iroda \u00e9s utaz\u00e1sszervez\u0151 c\u00e9g, amely 25 \u00e9ves<br>tapasztalattal rendelkezik a turizmus ter\u00fclet\u00e9n<\/p><p style=\"text-align: left;\">A <strong>Bible Road Traveln\u00e9l<\/strong> arra specializ\u00e1l\u00f3dtunk, hogy egyedi, szem\u00e9lyre szabott izraeli t\u00far\u00e1kat<br>szervezz\u00fcnk egy\u00e9ni utaz\u00f3k \u00e9s csoportok sz\u00e1m\u00e1ra Izrael eg\u00e9sz ter\u00fclet\u00e9n. Utaz\u00e1si k\u00edn\u00e1latunk<br>a sz\u00f3rakoztat\u00f3 \u00e9s oktat\u00f3 jelleg\u0171 csal\u00e1di t\u00far\u00e1kt\u00f3l a luxus VIP t\u00far\u00e1kig terjed. <\/p><p style=\"text-align: left;\">Vall\u00e1si csoportos utaz\u00e1sokat is k\u00edn\u00e1lunk, t\u00f6bbek k\u00f6z\u00f6tt kereszt\u00e9nyeknek a vil\u00e1g minden<br>t\u00e1j\u00e1r\u00f3l (zar\u00e1ndoklatok \u00e9s misszi\u00f3s csoportok) . Emellett zsid\u00f3 \u00f6r\u00f6ks\u00e9gutakat is szervez\u00fcnk.<\/p><p style=\"text-align: left;\">A <strong>Bible Road Traveln\u00e9l<\/strong> mindig arra t\u00f6reksz\u00fcnk, hogy \u00fcgyfeleink k\u00fcl\u00f6nleges k\u00e9r\u00e9seit<br>teljes\u00edts\u00fck, \u00e9s felejthetetlen \u00e9lm\u00e9nyt ny\u00fajtsunk.<\/p><p style=\"text-align: left;\">Tudjuk, hogyan \u00e9p\u00edts\u00fcnk be egyedi \u00e9s leny\u0171g\u00f6z\u0151 programokat kiv\u00e1l\u00f3 \u00fatvonalainkba, p\u00e9ld\u00e1ul:<br>vall\u00e1si t\u00far\u00e1k, bibliai kir\u00e1ndul\u00e1sok, r\u00e9g\u00e9szet, kulin\u00e1ris programok, kalandt\u00far\u00e1k, kultur\u00e1lis<br>ki\u00e1ll\u00edt\u00e1sok \u00e9s term\u00e9szeti t\u00far\u00e1k.<\/p>\t\t\t\t\t\t\t\t<\/div>\n\t\t\t\t<\/div>\n\t\t\t\t\t<\/div>\n\t\t<\/div>\n\t\t\t\t\t<\/div>\n\t\t<\/section>\n\t\t\t\t\t<\/div>\n\t\t<\/div>\n\t\t\t\t\t<\/div>\n\t\t<\/section>\n\t\t\t\t<section class=\"elementor-section elementor-top-section elementor-element elementor-element-8f696b2 elementor-section-boxed elementor-section-height-default elementor-section-height-default\" data-id=\"8f696b2\" data-element_type=\"section\" data-e-type=\"section\" data-settings=\"{&quot;background_background&quot;:&quot;gradient&quot;,&quot;_ha_eqh_enable&quot;:false}\">\n\t\t\t\t\t\t<div class=\"elementor-container elementor-column-gap-default\">\n\t\t\t\t\t<div class=\"elementor-column elementor-col-100 elementor-top-column elementor-element elementor-element-729b28d\" data-id=\"729b28d\" data-element_type=\"column\" data-e-type=\"column\">\n\t\t\t<div class=\"elementor-widget-wrap elementor-element-populated\">\n\t\t\t\t\t\t<section class=\"elementor-section elementor-inner-section elementor-element elementor-element-15ffb9c elementor-reverse-mobile elementor-section-boxed elementor-section-height-default elementor-section-height-default\" data-id=\"15ffb9c\" data-element_type=\"section\" data-e-type=\"section\" data-settings=\"{&quot;_ha_eqh_enable&quot;:false}\">\n\t\t\t\t\t\t<div class=\"elementor-container elementor-column-gap-default\">\n\t\t\t\t\t<div class=\"elementor-column elementor-col-50 elementor-inner-column elementor-element elementor-element-dd9d22c\" data-id=\"dd9d22c\" data-element_type=\"column\" data-e-type=\"column\">\n\t\t\t<div class=\"elementor-widget-wrap elementor-element-populated\">\n\t\t\t\t\t\t<div class=\"elementor-element elementor-element-c0de485 elementor-widget elementor-widget-heading\" data-id=\"c0de485\" data-element_type=\"widget\" data-e-type=\"widget\" data-widget_type=\"heading.default\">\n\t\t\t\t<div class=\"elementor-widget-container\">\n\t\t\t\t\t<h2 class=\"elementor-heading-title elementor-size-default\">Sz\u00e9lesk\u00f6r\u0171 t\u00farak\u00edn\u00e1lattal rendelkez\u00fcnk<\/h2>\t\t\t\t<\/div>\n\t\t\t\t<\/div>\n\t\t\t\t<div class=\"elementor-element elementor-element-041d5e6 elementor-widget elementor-widget-text-editor\" data-id=\"041d5e6\" data-element_type=\"widget\" data-e-type=\"widget\" data-widget_type=\"text-editor.default\">\n\t\t\t\t<div class=\"elementor-widget-container\">\n\t\t\t\t\t\t\t\t\t<p style=\"text-align: left;\">Az Izraelbe szervezett utaz\u00e1sok mellett kombin\u00e1lt utaz\u00e1sokat is szervez\u00fcnk <strong>Izrael<\/strong>, <strong>Jord\u00e1nia<\/strong>,<br><strong>Egyiptom <\/strong>\u00e9s <span style=\"font-weight: bolder;\">Ciprus <\/span>k\u00f6z\u00f6tt.<\/p><p style=\"text-align: left;\">K\u00fcldet\u00e9s\u00fcnk, hogy szem\u00e9lyre szabott szolg\u00e1ltat\u00e1st ny\u00fajtsunk, meg\u00e9rtve minden egyes<br>\u00fcgyfel\u00fcnk egyedi k\u00edv\u00e1ns\u00e1gait \u00e9s v\u00e1gyait. Hisz\u00fcnk abban, hogy minden \u00fcgyfel\u00fcnknek vall\u00e1si<br>\u00e9s spiritu\u00e1lis inspir\u00e1ci\u00f3val valamint olyan eml\u00e9kekkel kell hazat\u00e9rnie, amelyeket eg\u00e9sz<br>\u00e9let\u00e9ben meg\u0151riz. <\/p><p style=\"text-align: left;\">Szeretn\u00e9nk tov\u00e1bb er\u0151s\u00edteni vezet\u0151 utaz\u00e1sszervez\u0151k\u00e9nt szerzett h\u00edrnev\u00fcnket Izraelben \u00e9s a<br>r\u00e9gi\u00f3ban.<\/p>\t\t\t\t\t\t\t\t<\/div>\n\t\t\t\t<\/div>\n\t\t\t\t\t<\/div>\n\t\t<\/div>\n\t\t\t\t<div class=\"elementor-column elementor-col-50 elementor-inner-column elementor-element elementor-element-84c929c\" data-id=\"84c929c\" data-element_type=\"column\" data-e-type=\"column\">\n\t\t\t<div class=\"elementor-widget-wrap elementor-element-populated\">\n\t\t\t\t\t\t<div class=\"elementor-element elementor-element-5961597 elementor-widget elementor-widget-image\" data-id=\"5961597\" data-element_type=\"widget\" data-e-type=\"widget\" data-widget_type=\"image.default\">\n\t\t\t\t<div class=\"elementor-widget-container\">\n\t\t\t\t\t\t\t\t\t\t\t\t\t\t\t<img decoding=\"async\" width=\"800\" height=\"534\" src=\"https:\/\/bible-road.com\/wp-content\/uploads\/2025\/02\/robert-bye-6PLB5SKWiIY-unsplash-1024x683.jpg\" class=\"attachment-large size-large wp-image-1331\" alt=\"\" srcset=\"https:\/\/bible-road.com\/wp-content\/uploads\/2025\/02\/robert-bye-6PLB5SKWiIY-unsplash-1024x683.jpg 1024w, https:\/\/bible-road.com\/wp-content\/uploads\/2025\/02\/robert-bye-6PLB5SKWiIY-unsplash-300x200.jpg 300w, https:\/\/bible-road.com\/wp-content\/uploads\/2025\/02\/robert-bye-6PLB5SKWiIY-unsplash-768x512.jpg 768w, https:\/\/bible-road.com\/wp-content\/uploads\/2025\/02\/robert-bye-6PLB5SKWiIY-unsplash-1536x1024.jpg 1536w, https:\/\/bible-road.com\/wp-content\/uploads\/2025\/02\/robert-bye-6PLB5SKWiIY-unsplash-2048x1366.jpg 2048w\" sizes=\"(max-width: 800px) 100vw, 800px\" \/>\t\t\t\t\t\t\t\t\t\t\t\t\t\t\t<\/div>\n\t\t\t\t<\/div>\n\t\t\t\t\t<\/div>\n\t\t<\/div>\n\t\t\t\t\t<\/div>\n\t\t<\/section>\n\t\t\t\t\t<\/div>\n\t\t<\/div>\n\t\t\t\t\t<\/div>\n\t\t<\/section>\n\t\t\t\t<section class=\"elementor-section elementor-top-section elementor-element elementor-element-c8e448e elementor-section-height-min-height elementor-hidden-desktop elementor-hidden-tablet elementor-hidden-mobile elementor-section-boxed elementor-section-height-default elementor-section-items-middle\" data-id=\"c8e448e\" data-element_type=\"section\" data-e-type=\"section\" data-settings=\"{&quot;_ha_eqh_enable&quot;:false}\">\n\t\t\t\t\t\t<div class=\"elementor-container elementor-column-gap-default\">\n\t\t\t\t\t<div class=\"elementor-column elementor-col-100 elementor-top-column elementor-element elementor-element-18d7323\" data-id=\"18d7323\" data-element_type=\"column\" data-e-type=\"column\">\n\t\t\t<div class=\"elementor-widget-wrap elementor-element-populated\">\n\t\t\t\t\t\t<div class=\"elementor-element elementor-element-1db25cd elementor-widget elementor-widget-heading\" data-id=\"1db25cd\" data-element_type=\"widget\" data-e-type=\"widget\" data-widget_type=\"heading.default\">\n\t\t\t\t<div class=\"elementor-widget-container\">\n\t\t\t\t\t<h2 class=\"elementor-heading-title elementor-size-default\">Csapatunk<\/h2>\t\t\t\t<\/div>\n\t\t\t\t<\/div>\n\t\t\t\t<section class=\"elementor-section elementor-inner-section elementor-element elementor-element-b376f8c elementor-section-boxed elementor-section-height-default elementor-section-height-default\" data-id=\"b376f8c\" data-element_type=\"section\" data-e-type=\"section\" data-settings=\"{&quot;_ha_eqh_enable&quot;:false}\">\n\t\t\t\t\t\t<div class=\"elementor-container elementor-column-gap-wide\">\n\t\t\t\t\t<div class=\"elementor-column elementor-col-100 elementor-inner-column elementor-element elementor-element-235a071 team-card\" data-id=\"235a071\" data-element_type=\"column\" data-e-type=\"column\">\n\t\t\t<div class=\"elementor-widget-wrap elementor-element-populated\">\n\t\t\t\t\t\t<div class=\"elementor-element elementor-element-dd6272a elementor-widget elementor-widget-heading\" data-id=\"dd6272a\" data-element_type=\"widget\" data-e-type=\"widget\" data-widget_type=\"heading.default\">\n\t\t\t\t<div class=\"elementor-widget-container\">\n\t\t\t\t\t<h2 class=\"elementor-heading-title elementor-size-default\">Adja meg a c\u00edmet<\/h2>\t\t\t\t<\/div>\n\t\t\t\t<\/div>\n\t\t\t\t<div class=\"elementor-element elementor-element-951e8d5 elementor-widget elementor-widget-image\" data-id=\"951e8d5\" data-element_type=\"widget\" data-e-type=\"widget\" data-widget_type=\"image.default\">\n\t\t\t\t<div class=\"elementor-widget-container\">\n\t\t\t\t\t\t\t\t\t\t\t\t\t\t\t<img decoding=\"async\" width=\"800\" height=\"450\" src=\"https:\/\/bible-road.com\/wp-content\/uploads\/2025\/03\/Shotcut_00_00_00_000-1024x576.png\" class=\"attachment-large size-large wp-image-1332\" alt=\"\" srcset=\"https:\/\/bible-road.com\/wp-content\/uploads\/2025\/03\/Shotcut_00_00_00_000-1024x576.png 1024w, https:\/\/bible-road.com\/wp-content\/uploads\/2025\/03\/Shotcut_00_00_00_000-300x169.png 300w, https:\/\/bible-road.com\/wp-content\/uploads\/2025\/03\/Shotcut_00_00_00_000-768x432.png 768w, https:\/\/bible-road.com\/wp-content\/uploads\/2025\/03\/Shotcut_00_00_00_000-1536x864.png 1536w, https:\/\/bible-road.com\/wp-content\/uploads\/2025\/03\/Shotcut_00_00_00_000.png 1920w\" sizes=\"(max-width: 800px) 100vw, 800px\" \/>\t\t\t\t\t\t\t\t\t\t\t\t\t\t\t<\/div>\n\t\t\t\t<\/div>\n\t\t\t\t<div class=\"elementor-element elementor-element-c315ac3 elementor-widget elementor-widget-text-editor\" data-id=\"c315ac3\" data-element_type=\"widget\" data-e-type=\"widget\" data-widget_type=\"text-editor.default\">\n\t\t\t\t<div class=\"elementor-widget-container\">\n\t\t\t\t\t\t\t\t\t<p>Lorem ipsum dolor sit amet, consectetur adipiscing elit. Ut elit tellus, luctus nec ullamcorper mattis, pulvinar dapibus leo.<\/p>\t\t\t\t\t\t\t\t<\/div>\n\t\t\t\t<\/div>\n\t\t\t\t\t<\/div>\n\t\t<\/div>\n\t\t\t\t\t<\/div>\n\t\t<\/section>\n\t\t\t\t\t<\/div>\n\t\t<\/div>\n\t\t\t\t\t<\/div>\n\t\t<\/section>\n\t\t\t\t<section class=\"elementor-section elementor-top-section elementor-element elementor-element-6acc62f elementor-section-boxed elementor-section-height-default elementor-section-height-default\" data-id=\"6acc62f\" data-element_type=\"section\" data-e-type=\"section\" data-settings=\"{&quot;background_background&quot;:&quot;classic&quot;,&quot;_ha_eqh_enable&quot;:false}\">\n\t\t\t\t\t\t\t<div class=\"elementor-background-overlay\"><\/div>\n\t\t\t\t\t\t\t<div class=\"elementor-container elementor-column-gap-default\">\n\t\t\t\t\t<div class=\"elementor-column elementor-col-100 elementor-top-column elementor-element elementor-element-e913f68\" data-id=\"e913f68\" data-element_type=\"column\" data-e-type=\"column\">\n\t\t\t<div class=\"elementor-widget-wrap elementor-element-populated\">\n\t\t\t\t\t\t<div class=\"elementor-element elementor-element-d3326b8 elementor-widget elementor-widget-heading\" data-id=\"d3326b8\" data-element_type=\"widget\" data-e-type=\"widget\" data-widget_type=\"heading.default\">\n\t\t\t\t<div class=\"elementor-widget-container\">\n\t\t\t\t\t<p class=\"elementor-heading-title elementor-size-default\">Utazzon vel\u00fcnk<\/p>\t\t\t\t<\/div>\n\t\t\t\t<\/div>\n\t\t\t\t<div class=\"elementor-element elementor-element-911ab9c elementor-widget elementor-widget-heading\" data-id=\"911ab9c\" data-element_type=\"widget\" data-e-type=\"widget\" data-widget_type=\"heading.default\">\n\t\t\t\t<div class=\"elementor-widget-container\">\n\t\t\t\t\t<h2 class=\"elementor-heading-title elementor-size-default\">Fedezze fel t\u00far\u00e1inkat<\/h2>\t\t\t\t<\/div>\n\t\t\t\t<\/div>\n\t\t\t\t<div class=\"elementor-element elementor-element-cb20da4 elementor-align-center elementor-widget elementor-widget-button\" data-id=\"cb20da4\" data-element_type=\"widget\" data-e-type=\"widget\" data-widget_type=\"button.default\">\n\t\t\t\t<div class=\"elementor-widget-container\">\n\t\t\t\t\t\t\t\t\t<div class=\"elementor-button-wrapper\">\n\t\t\t\t\t<a class=\"elementor-button elementor-button-link elementor-size-sm\" href=\"https:\/\/bible-road.com\/hu\/zarandokutak\/\" role=\"button\">\n\t\t\t\t\t\t<span class=\"elementor-button-content-wrapper\">\n\t\t\t\t\t\t\t\t\t<span class=\"elementor-button-text\">\u00daTIC\u00c9LOK MEGTEKINT\u00c9SE<\/span>\n\t\t\t\t\t<\/span>\n\t\t\t\t\t<\/a>\n\t\t\t\t<\/div>\n\t\t\t\t\t\t\t\t<\/div>\n\t\t\t\t<\/div>\n\t\t\t\t\t<\/div>\n\t\t<\/div>\n\t\t\t\t\t<\/div>\n\t\t<\/section>\n\t\t\t\t<\/div>\n\t\t","protected":false},"excerpt":{"rendered":"<p>R\u00f3lunk A Bible Road Travel egy vezet\u0151 izraeli utaz\u00e1si iroda \u00e9s utaz\u00e1sszervez\u0151 c\u00e9g, amely 25 \u00e9vestapasztalattal rendelkezik a turizmus ter\u00fclet\u00e9n A Bible Road Traveln\u00e9l arra specializ\u00e1l\u00f3dtunk, hogy egyedi, szem\u00e9lyre szabott izraeli t\u00far\u00e1katszervezz\u00fcnk egy\u00e9ni utaz\u00f3k \u00e9s csoportok sz\u00e1m\u00e1ra Izrael eg\u00e9sz ter\u00fclet\u00e9n. Utaz\u00e1si k\u00edn\u00e1latunka sz\u00f3rakoztat\u00f3 \u00e9s oktat\u00f3 jelleg\u0171 csal\u00e1di t\u00far\u00e1kt\u00f3l a luxus VIP t\u00far\u00e1kig terjed. Vall\u00e1si csoportos [&hellip;]<\/p>\n","protected":false},"author":4,"featured_media":0,"parent":0,"menu_order":0,"comment_status":"closed","ping_status":"closed","template":"elementor_header_footer","meta":{"_acf_changed":false,"footnotes":""},"class_list":["post-1326","page","type-page","status-publish","hentry"],"acf":[],"_links":{"self":[{"href":"https:\/\/bible-road.com\/hu\/wp-json\/wp\/v2\/pages\/1326","targetHints":{"allow":["GET"]}}],"collection":[{"href":"https:\/\/bible-road.com\/hu\/wp-json\/wp\/v2\/pages"}],"about":[{"href":"https:\/\/bible-road.com\/hu\/wp-json\/wp\/v2\/types\/page"}],"author":[{"embeddable":true,"href":"https:\/\/bible-road.com\/hu\/wp-json\/wp\/v2\/users\/4"}],"replies":[{"embeddable":true,"href":"https:\/\/bible-road.com\/hu\/wp-json\/wp\/v2\/comments?post=1326"}],"version-history":[{"count":2,"href":"https:\/\/bible-road.com\/hu\/wp-json\/wp\/v2\/pages\/1326\/revisions"}],"predecessor-version":[{"id":1815,"href":"https:\/\/bible-road.com\/hu\/wp-json\/wp\/v2\/pages\/1326\/revisions\/1815"}],"wp:attachment":[{"href":"https:\/\/bible-road.com\/hu\/wp-json\/wp\/v2\/media?parent=1326"}],"curies":[{"name":"wp","href":"https:\/\/api.w.org\/{rel}","templated":true}]}}